{"id":8794,"date":"2019-02-01T11:04:16","date_gmt":"2019-02-01T10:04:16","guid":{"rendered":"https:\/\/www.chirurgien-esthetiqueparis.com?page_id=8794"},"modified":"2019-02-26T15:10:48","modified_gmt":"2019-02-26T14:10:48","slug":"interventions","status":"publish","type":"page","link":"https:\/\/www.chirurgien-esthetiqueparis.com\/en\/interventions","title":{"rendered":"Interventions"},"content":{"rendered":"<p>[vc_row][vc_column][vc_column_text]<span id=\"result_box\" class=\"\" lang=\"en\" tabindex=\"-1\"><span title=\"Le Dr Adel LOUAFI pratique la Chirurgie esth\u00e9tique : \u00a0\u00a0\u00a0\u00a0\">Dr. Adel LOUAFI practices cosmetic surgery:<br \/>\n<\/span><\/span><span id=\"result_box\" class=\"\" lang=\"en\" tabindex=\"-1\"><\/span><\/p>\n<ul>\n<li><span id=\"result_box\" class=\"\" lang=\"en\" tabindex=\"-1\"><span title=\"Des seins : Sp\u00e9cialiste en augmentation mammaire, proth\u00e8ses mammaires, implants mammaires, hypertrophie mammaire, r\u00e9duction mammaire, seins tub\u00e9reux, cure de ptose mammaire. \u00a0\u00a0\u00a0\u00a0\"><a href=\"https:\/\/www.chirurgien-esthetiqueparis.com\/en\/breasts\"><strong>Breasts surgery<\/strong><\/a>: Specialist in breast augmentation, breast prostheses, breast implants, breast enlargement, breast reduction, tuberous breasts, breast ptosis.<\/span><\/span><\/li>\n<li><span id=\"result_box\" class=\"\" lang=\"en\" tabindex=\"-1\"><span title=\"De l\u2019abdomen : Sp\u00e9cialiste en Abdominoplastie, Cure de diastasis, esth\u00e9tique de la paroi abdominale, liposuccion abdominale. \u00a0\u00a0\u00a0\u00a0\"><a href=\"https:\/\/www.chirurgien-esthetiqueparis.com\/en\/abdominoplasty\"><strong>Abdomen surgery<\/strong><\/a>: Abdominoplasty specialist, Diastasis cure, abdominal wall aesthetics, abdominal liposuction.<\/span><\/span><\/li>\n<li><span id=\"result_box\" class=\"\" lang=\"en\" tabindex=\"-1\"><span title=\"De la silhouette : Sp\u00e9cialiste en liposuccion, liposculpture, lipoaspiration douce, plastie brachiale, lifting des bras, plastie crurale, lifting des cuisses. \u00a0\u00a0\u00a0\u00a0\"><strong><a href=\"https:\/\/www.chirurgien-esthetiqueparis.com\/en\/silhouette\">Silhouette surgery<\/a><\/strong>: Specialist in liposuction, liposculpture, gentle liposuction, brachial plasty, arm lift, crural plasty, thigh lift.<\/span><\/span><\/li>\n<li><span id=\"result_box\" class=\"\" lang=\"en\" tabindex=\"-1\"><span title=\"Du visage : Sp\u00e9cialiste en lifting cervicofacial, lifting du visage, du cou, Bl\u00e9pharoplastie, chirurgie des paupi\u00e8res, rhinoplastie, rhinoseptoplastie, septoplastie, d\u00e9viation de la cloison nasale, bosse du nez, oreilles d\u00e9coll\u00e9es, otoplastie. \u00a0\u00a0\u00a0\u00a0\"><strong><a href=\"https:\/\/www.chirurgien-esthetiqueparis.com\/en\/face\">Face surgery<\/a><\/strong>: Eyelid surgery, rhinoplasty, rhinoplasty, septoplasty, deviation of the nasal septum, nasal hump, detached ears, otoplasty.<\/span><\/span><\/li>\n<li><strong><a href=\"https:\/\/www.chirurgien-esthetiqueparis.com\/en\/skin\">Skin surgery<\/a><\/strong>:\u00a0Mole removal surgery,\u00a0Dermatological surgery<\/li>\n<li><span id=\"result_box\" class=\"\" lang=\"en\" tabindex=\"-1\"><span title=\"Chirurgie intime : Sp\u00e9cialiste en nymphoplastie, chirurgie esth\u00e9tique des grandes l\u00e8vres, hymen, hym\u00e9noplastie, p\u00e9noplastie \"><a href=\"https:\/\/www.chirurgien-esthetiqueparis.com\/en\/intimate-surgery\"><strong>Genital\u00a0surgery<\/strong><\/a>: Specialist in nymphoplasty, aesthetic surgery of the labia majora, hymen, hymenoplasty, penoplasty<\/span><\/span><\/li>\n<\/ul>\n<p><span id=\"result_box\" class=\"\" lang=\"en\" tabindex=\"-1\"><span title=\"Le Dr Adel LOUAFI pratique \u00e9galement : \u00a0\u00a0\u00a0\u00a0\">Dr Adel LOUAFI also practices:<br \/>\n<\/span><\/span><\/p>\n<ul>\n<li><span id=\"result_box\" class=\"\" lang=\"en\" tabindex=\"-1\"><span title=\"la m\u00e9decine esth\u00e9tique : Sp\u00e9cialiste des injections de botox et d'acide hyaluronique. \u00a0\u00a0\u00a0\u00a0\"><a href=\"https:\/\/www.chirurgien-esthetiqueparis.com\/en\/cosmetic-surgery\">Cosmetic surgery<\/a>: Specialist in botox and hyaluronic acid injections.<\/span><\/span><\/li>\n<li><a href=\"https:\/\/www.chirurgien-esthetiqueparis.com\/en\/dermatological-surgery\">Dermatological surgery<\/a>: specialist in mole surgery and dermatological surgery.<\/li>\n<\/ul>\n<p>[\/vc_column_text][\/vc_column][\/vc_row][vc_row][vc_column][vc_column_text]<span title=\"Les techniques modernes permetttent d\u2019avoir un maximum de s\u00e9curit\u00e9 et de confort.\">Modern techniques allow for maximum safety and comfort.\u00a0<\/span><span title=\"Le Dr Adel LOUAFI op\u00e8re dans des cliniques agr\u00e9\u00e9es, ce qui permet d\u2019avoir un maximum de s\u00e9curit\u00e9 et de bien \u00eatre.\">Dr. Adel LOUAFI operates in licensed clinics, which provides maximum safety and well-being.<\/span>[\/vc_column_text][vc_video link=&#8221;https:\/\/youtu.be\/aicGeRqzcgs&#8221; el_width=&#8221;50&#8243; align=&#8221;center&#8221;][\/vc_column][\/vc_row]<\/p>\n","protected":false},"excerpt":{"rendered":"<p>[vc_row][vc_column][vc_column_text]Dr. Adel LOUAFI practices cosmetic surgery: Breasts surgery: Specialist in breast augmentation, breast prostheses, breast implants, breast enlargement, breast reduction, tuberous breasts, breast ptosis. Abdomen surgery: Abdominoplasty specialist, Diastasis cure, abdominal wall aesthetics, abdominal liposuction. Silhouette surgery: Specialist in liposuction, liposculpture, gentle liposuction, brachial plasty, arm lift, crural plasty, thigh lift. Face surgery: Eyelid surgery, [&hellip;]<\/p>\n","protected":false},"author":2,"featured_media":0,"parent":0,"menu_order":0,"comment_status":"open","ping_status":"open","template":"","meta":{"footnotes":""},"class_list":["post-8794","page","type-page","status-publish","hentry"],"yoast_head":"<!-- This site is optimized with the Yoast SEO plugin v27.3 - https:\/\/yoast.com\/product\/yoast-seo-wordpress\/ -->\n<title>Interventions - Dr. Adel LOUAFI cosmetic surgery in Paris<\/title>\n<meta name=\"robots\" content=\"index, follow, max-snippet:-1, max-image-preview:large, max-video-preview:-1\" \/>\n<link rel=\"canonical\" href=\"https:\/\/www.chirurgien-esthetiqueparis.com\/en\/interventions\" \/>\n<meta name=\"twitter:label1\" content=\"Est. reading time\" \/>\n\t<meta name=\"twitter:data1\" content=\"1 minute\" \/>\n<script type=\"application\/ld+json\" class=\"yoast-schema-graph\">{\"@context\":\"https:\\\/\\\/schema.org\",\"@graph\":[{\"@type\":\"WebPage\",\"@id\":\"https:\\\/\\\/www.chirurgien-esthetiqueparis.com\\\/en\\\/interventions\",\"url\":\"https:\\\/\\\/www.chirurgien-esthetiqueparis.com\\\/en\\\/interventions\",\"name\":\"Interventions - Dr. Adel LOUAFI cosmetic surgery in Paris\",\"isPartOf\":{\"@id\":\"https:\\\/\\\/www.chirurgien-esthetiqueparis.com\\\/#website\"},\"datePublished\":\"2019-02-01T10:04:16+00:00\",\"dateModified\":\"2019-02-26T14:10:48+00:00\",\"breadcrumb\":{\"@id\":\"https:\\\/\\\/www.chirurgien-esthetiqueparis.com\\\/en\\\/interventions#breadcrumb\"},\"inLanguage\":\"en-US\",\"potentialAction\":[{\"@type\":\"ReadAction\",\"target\":[\"https:\\\/\\\/www.chirurgien-esthetiqueparis.com\\\/en\\\/interventions\"]}]},{\"@type\":\"BreadcrumbList\",\"@id\":\"https:\\\/\\\/www.chirurgien-esthetiqueparis.com\\\/en\\\/interventions#breadcrumb\",\"itemListElement\":[{\"@type\":\"ListItem\",\"position\":1,\"name\":\"Accueil\",\"item\":\"https:\\\/\\\/www.chirurgien-esthetiqueparis.com\\\/en\"},{\"@type\":\"ListItem\",\"position\":2,\"name\":\"Interventions\"}]},{\"@type\":\"WebSite\",\"@id\":\"https:\\\/\\\/www.chirurgien-esthetiqueparis.com\\\/#website\",\"url\":\"https:\\\/\\\/www.chirurgien-esthetiqueparis.com\\\/\",\"name\":\"Louafi\",\"description\":\"Chirurgie Esth\u00e9tique \u00e0 Paris\",\"publisher\":{\"@id\":\"https:\\\/\\\/www.chirurgien-esthetiqueparis.com\\\/#organization\"},\"potentialAction\":[{\"@type\":\"SearchAction\",\"target\":{\"@type\":\"EntryPoint\",\"urlTemplate\":\"https:\\\/\\\/www.chirurgien-esthetiqueparis.com\\\/?s={search_term_string}\"},\"query-input\":{\"@type\":\"PropertyValueSpecification\",\"valueRequired\":true,\"valueName\":\"search_term_string\"}}],\"inLanguage\":\"en-US\"},{\"@type\":\"Organization\",\"@id\":\"https:\\\/\\\/www.chirurgien-esthetiqueparis.com\\\/#organization\",\"name\":\"Chirurgien esth\u00e9tique | Dr Louafi\",\"url\":\"https:\\\/\\\/www.chirurgien-esthetiqueparis.com\\\/\",\"logo\":{\"@type\":\"ImageObject\",\"inLanguage\":\"en-US\",\"@id\":\"https:\\\/\\\/www.chirurgien-esthetiqueparis.com\\\/#\\\/schema\\\/logo\\\/image\\\/\",\"url\":\"https:\\\/\\\/www.chirurgien-esthetiqueparis.com\\\/wp-content\\\/uploads\\\/louafi_home-mobile.jpg\",\"contentUrl\":\"https:\\\/\\\/www.chirurgien-esthetiqueparis.com\\\/wp-content\\\/uploads\\\/louafi_home-mobile.jpg\",\"width\":640,\"height\":800,\"caption\":\"Chirurgien esth\u00e9tique | Dr Louafi\"},\"image\":{\"@id\":\"https:\\\/\\\/www.chirurgien-esthetiqueparis.com\\\/#\\\/schema\\\/logo\\\/image\\\/\"}}]}<\/script>\n<!-- \/ Yoast SEO plugin. -->","yoast_head_json":{"title":"Interventions - Dr. Adel LOUAFI cosmetic surgery in Paris","robots":{"index":"index","follow":"follow","max-snippet":"max-snippet:-1","max-image-preview":"max-image-preview:large","max-video-preview":"max-video-preview:-1"},"canonical":"https:\/\/www.chirurgien-esthetiqueparis.com\/en\/interventions","twitter_misc":{"Est. reading time":"1 minute"},"schema":{"@context":"https:\/\/schema.org","@graph":[{"@type":"WebPage","@id":"https:\/\/www.chirurgien-esthetiqueparis.com\/en\/interventions","url":"https:\/\/www.chirurgien-esthetiqueparis.com\/en\/interventions","name":"Interventions - Dr. Adel LOUAFI cosmetic surgery in Paris","isPartOf":{"@id":"https:\/\/www.chirurgien-esthetiqueparis.com\/#website"},"datePublished":"2019-02-01T10:04:16+00:00","dateModified":"2019-02-26T14:10:48+00:00","breadcrumb":{"@id":"https:\/\/www.chirurgien-esthetiqueparis.com\/en\/interventions#breadcrumb"},"inLanguage":"en-US","potentialAction":[{"@type":"ReadAction","target":["https:\/\/www.chirurgien-esthetiqueparis.com\/en\/interventions"]}]},{"@type":"BreadcrumbList","@id":"https:\/\/www.chirurgien-esthetiqueparis.com\/en\/interventions#breadcrumb","itemListElement":[{"@type":"ListItem","position":1,"name":"Accueil","item":"https:\/\/www.chirurgien-esthetiqueparis.com\/en"},{"@type":"ListItem","position":2,"name":"Interventions"}]},{"@type":"WebSite","@id":"https:\/\/www.chirurgien-esthetiqueparis.com\/#website","url":"https:\/\/www.chirurgien-esthetiqueparis.com\/","name":"Louafi","description":"Chirurgie Esth\u00e9tique \u00e0 Paris","publisher":{"@id":"https:\/\/www.chirurgien-esthetiqueparis.com\/#organization"},"potentialAction":[{"@type":"SearchAction","target":{"@type":"EntryPoint","urlTemplate":"https:\/\/www.chirurgien-esthetiqueparis.com\/?s={search_term_string}"},"query-input":{"@type":"PropertyValueSpecification","valueRequired":true,"valueName":"search_term_string"}}],"inLanguage":"en-US"},{"@type":"Organization","@id":"https:\/\/www.chirurgien-esthetiqueparis.com\/#organization","name":"Chirurgien esth\u00e9tique | Dr Louafi","url":"https:\/\/www.chirurgien-esthetiqueparis.com\/","logo":{"@type":"ImageObject","inLanguage":"en-US","@id":"https:\/\/www.chirurgien-esthetiqueparis.com\/#\/schema\/logo\/image\/","url":"https:\/\/www.chirurgien-esthetiqueparis.com\/wp-content\/uploads\/louafi_home-mobile.jpg","contentUrl":"https:\/\/www.chirurgien-esthetiqueparis.com\/wp-content\/uploads\/louafi_home-mobile.jpg","width":640,"height":800,"caption":"Chirurgien esth\u00e9tique | Dr Louafi"},"image":{"@id":"https:\/\/www.chirurgien-esthetiqueparis.com\/#\/schema\/logo\/image\/"}}]}},"acf":[],"_links":{"self":[{"href":"https:\/\/www.chirurgien-esthetiqueparis.com\/en\/wp-json\/wp\/v2\/pages\/8794","targetHints":{"allow":["GET"]}}],"collection":[{"href":"https:\/\/www.chirurgien-esthetiqueparis.com\/en\/wp-json\/wp\/v2\/pages"}],"about":[{"href":"https:\/\/www.chirurgien-esthetiqueparis.com\/en\/wp-json\/wp\/v2\/types\/page"}],"author":[{"embeddable":true,"href":"https:\/\/www.chirurgien-esthetiqueparis.com\/en\/wp-json\/wp\/v2\/users\/2"}],"replies":[{"embeddable":true,"href":"https:\/\/www.chirurgien-esthetiqueparis.com\/en\/wp-json\/wp\/v2\/comments?post=8794"}],"version-history":[{"count":0,"href":"https:\/\/www.chirurgien-esthetiqueparis.com\/en\/wp-json\/wp\/v2\/pages\/8794\/revisions"}],"wp:attachment":[{"href":"https:\/\/www.chirurgien-esthetiqueparis.com\/en\/wp-json\/wp\/v2\/media?parent=8794"}],"curies":[{"name":"wp","href":"https:\/\/api.w.org\/{rel}","templated":true}]}}