{"id":9407,"date":"2019-03-14T10:27:41","date_gmt":"2019-03-14T09:27:41","guid":{"rendered":"https:\/\/www.chirurgien-esthetiqueparis.com?page_id=9407"},"modified":"2019-04-23T17:37:39","modified_gmt":"2019-04-23T15:37:39","slug":"silhouette-photos","status":"publish","type":"page","link":"https:\/\/www.chirurgien-esthetiqueparis.com\/en\/silhouette-photos","title":{"rendered":"Silhouette Photos"},"content":{"rendered":"<p>[vc_row css_animation=&#8221;none&#8221; source=&#8221;&#8221; text=&#8221;Chirurgie et m\u00e9decine Esth\u00e9tique \u00e0 Paris pour Femmes et Hommes&#8221; font_container=&#8221;tag:h2|text_align:center|color:%23252525&#8243; use_theme_fonts=&#8221;yes&#8221; google_fonts=&#8221;font_family:Abril%20Fatface%3Aregular|font_style:400%20regular%3A400%3Anormal&#8221; css=&#8221;.vc_custom_1549963013892{margin-top: 0px !important;margin-bottom: 35px !important;padding-top: 0px !important;}&#8221; link=&#8221;&#8221;][vc_column][vc_custom_heading text=&#8221;Discover our before\/after silhouette surgery photos&#8221; font_container=&#8221;tag:h2|text_align:left|color:%23252525&#8243; use_theme_fonts=&#8221;yes&#8221; css_animation=&#8221;none&#8221; css=&#8221;.vc_custom_1556033828118{margin-top: 0px !important;margin-bottom: 0px !important;padding-top: 0px !important;}&#8221;][\/vc_column][\/vc_row][vc_row][vc_column][vc_tabs][vc_tab title=&#8221;Abdominoplasty&#8221; tab_id=&#8221;1554998270544-2-6&#8243;][vc_masonry_media_grid element_width=&#8221;3&#8243; gap=&#8221;10&#8243; initial_loading_animation=&#8221;none&#8221; grid_id=&#8221;vc_gid:1556033823883-8db1ff88-ec4f-0&#8243; include=&#8221;9773,9774&#8243;][\/vc_tab][vc_tab title=&#8221;Liposuction&#8221; tab_id=&#8221;1554998269857-1-8&#8243;][vc_masonry_media_grid element_width=&#8221;3&#8243; gap=&#8221;10&#8243; initial_loading_animation=&#8221;none&#8221; grid_id=&#8221;vc_gid:1556033823896-e27717ee-3d62-7&#8243; include=&#8221;9775,9776&#8243;][\/vc_tab][vc_tab title=&#8221;Lipofilling of Buttocks&#8221; tab_id=&#8221;530555fd-1e18-3&#8243;][vc_masonry_media_grid element_width=&#8221;3&#8243; gap=&#8221;10&#8243; initial_loading_animation=&#8221;none&#8221; grid_id=&#8221;vc_gid:1556033823905-776c85d7-6463-2&#8243; include=&#8221;9777,9778,9779,9780&#8243;][\/vc_tab][\/vc_tabs][\/vc_column][\/vc_row]<\/p>\n","protected":false},"excerpt":{"rendered":"<p>[vc_row css_animation=&#8221;none&#8221; source=&#8221;&#8221; text=&#8221;Chirurgie et m\u00e9decine Esth\u00e9tique \u00e0 Paris pour Femmes et Hommes&#8221; font_container=&#8221;tag:h2|text_align:center|color:%23252525&#8243; use_theme_fonts=&#8221;yes&#8221; google_fonts=&#8221;font_family:Abril%20Fatface%3Aregular|font_style:400%20regular%3A400%3Anormal&#8221; css=&#8221;.vc_custom_1549963013892{margin-top: 0px !important;margin-bottom: 35px !important;padding-top: 0px !important;}&#8221; link=&#8221;&#8221;][vc_column][vc_custom_heading text=&#8221;Discover our before\/after silhouette surgery photos&#8221; font_container=&#8221;tag:h2|text_align:left|color:%23252525&#8243; use_theme_fonts=&#8221;yes&#8221; css_animation=&#8221;none&#8221; css=&#8221;.vc_custom_1556033828118{margin-top: 0px !important;margin-bottom: 0px !important;padding-top: 0px !important;}&#8221;][\/vc_column][\/vc_row][vc_row][vc_column][vc_tabs][vc_tab title=&#8221;Abdominoplasty&#8221; tab_id=&#8221;1554998270544-2-6&#8243;][vc_masonry_media_grid element_width=&#8221;3&#8243; gap=&#8221;10&#8243; initial_loading_animation=&#8221;none&#8221; grid_id=&#8221;vc_gid:1556033823883-8db1ff88-ec4f-0&#8243; include=&#8221;9773,9774&#8243;][\/vc_tab][vc_tab title=&#8221;Liposuction&#8221; tab_id=&#8221;1554998269857-1-8&#8243;][vc_masonry_media_grid element_width=&#8221;3&#8243; gap=&#8221;10&#8243; initial_loading_animation=&#8221;none&#8221; grid_id=&#8221;vc_gid:1556033823896-e27717ee-3d62-7&#8243; include=&#8221;9775,9776&#8243;][\/vc_tab][vc_tab title=&#8221;Lipofilling [&hellip;]<\/p>\n","protected":false},"author":2,"featured_media":0,"parent":0,"menu_order":0,"comment_status":"closed","ping_status":"closed","template":"","meta":{"footnotes":""},"class_list":["post-9407","page","type-page","status-publish","hentry"],"yoast_head":"<!-- This site is optimized with the Yoast SEO plugin v27.3 - https:\/\/yoast.com\/product\/yoast-seo-wordpress\/ -->\n<title>Silhouette Photos - Louafi<\/title>\n<meta name=\"robots\" content=\"index, follow, max-snippet:-1, max-image-preview:large, max-video-preview:-1\" \/>\n<link rel=\"canonical\" href=\"https:\/\/www.chirurgien-esthetiqueparis.com\/en\/silhouette-photos\" \/>\n<meta name=\"twitter:label1\" content=\"Est. reading time\" \/>\n\t<meta name=\"twitter:data1\" content=\"1 minute\" \/>\n<script type=\"application\/ld+json\" class=\"yoast-schema-graph\">{\"@context\":\"https:\\\/\\\/schema.org\",\"@graph\":[{\"@type\":\"WebPage\",\"@id\":\"https:\\\/\\\/www.chirurgien-esthetiqueparis.com\\\/en\\\/silhouette-photos\",\"url\":\"https:\\\/\\\/www.chirurgien-esthetiqueparis.com\\\/en\\\/silhouette-photos\",\"name\":\"Silhouette Photos - Louafi\",\"isPartOf\":{\"@id\":\"https:\\\/\\\/www.chirurgien-esthetiqueparis.com\\\/#website\"},\"datePublished\":\"2019-03-14T09:27:41+00:00\",\"dateModified\":\"2019-04-23T15:37:39+00:00\",\"breadcrumb\":{\"@id\":\"https:\\\/\\\/www.chirurgien-esthetiqueparis.com\\\/en\\\/silhouette-photos#breadcrumb\"},\"inLanguage\":\"en-US\",\"potentialAction\":[{\"@type\":\"ReadAction\",\"target\":[\"https:\\\/\\\/www.chirurgien-esthetiqueparis.com\\\/en\\\/silhouette-photos\"]}]},{\"@type\":\"BreadcrumbList\",\"@id\":\"https:\\\/\\\/www.chirurgien-esthetiqueparis.com\\\/en\\\/silhouette-photos#breadcrumb\",\"itemListElement\":[{\"@type\":\"ListItem\",\"position\":1,\"name\":\"Accueil\",\"item\":\"https:\\\/\\\/www.chirurgien-esthetiqueparis.com\\\/en\"},{\"@type\":\"ListItem\",\"position\":2,\"name\":\"Silhouette Photos\"}]},{\"@type\":\"WebSite\",\"@id\":\"https:\\\/\\\/www.chirurgien-esthetiqueparis.com\\\/#website\",\"url\":\"https:\\\/\\\/www.chirurgien-esthetiqueparis.com\\\/\",\"name\":\"Louafi\",\"description\":\"Chirurgie Esth\u00e9tique \u00e0 Paris\",\"publisher\":{\"@id\":\"https:\\\/\\\/www.chirurgien-esthetiqueparis.com\\\/#organization\"},\"potentialAction\":[{\"@type\":\"SearchAction\",\"target\":{\"@type\":\"EntryPoint\",\"urlTemplate\":\"https:\\\/\\\/www.chirurgien-esthetiqueparis.com\\\/?s={search_term_string}\"},\"query-input\":{\"@type\":\"PropertyValueSpecification\",\"valueRequired\":true,\"valueName\":\"search_term_string\"}}],\"inLanguage\":\"en-US\"},{\"@type\":\"Organization\",\"@id\":\"https:\\\/\\\/www.chirurgien-esthetiqueparis.com\\\/#organization\",\"name\":\"Chirurgien esth\u00e9tique | Dr Louafi\",\"url\":\"https:\\\/\\\/www.chirurgien-esthetiqueparis.com\\\/\",\"logo\":{\"@type\":\"ImageObject\",\"inLanguage\":\"en-US\",\"@id\":\"https:\\\/\\\/www.chirurgien-esthetiqueparis.com\\\/#\\\/schema\\\/logo\\\/image\\\/\",\"url\":\"https:\\\/\\\/www.chirurgien-esthetiqueparis.com\\\/wp-content\\\/uploads\\\/louafi_home-mobile.jpg\",\"contentUrl\":\"https:\\\/\\\/www.chirurgien-esthetiqueparis.com\\\/wp-content\\\/uploads\\\/louafi_home-mobile.jpg\",\"width\":640,\"height\":800,\"caption\":\"Chirurgien esth\u00e9tique | Dr Louafi\"},\"image\":{\"@id\":\"https:\\\/\\\/www.chirurgien-esthetiqueparis.com\\\/#\\\/schema\\\/logo\\\/image\\\/\"}}]}<\/script>\n<!-- \/ Yoast SEO plugin. -->","yoast_head_json":{"title":"Silhouette Photos - Louafi","robots":{"index":"index","follow":"follow","max-snippet":"max-snippet:-1","max-image-preview":"max-image-preview:large","max-video-preview":"max-video-preview:-1"},"canonical":"https:\/\/www.chirurgien-esthetiqueparis.com\/en\/silhouette-photos","twitter_misc":{"Est. reading time":"1 minute"},"schema":{"@context":"https:\/\/schema.org","@graph":[{"@type":"WebPage","@id":"https:\/\/www.chirurgien-esthetiqueparis.com\/en\/silhouette-photos","url":"https:\/\/www.chirurgien-esthetiqueparis.com\/en\/silhouette-photos","name":"Silhouette Photos - Louafi","isPartOf":{"@id":"https:\/\/www.chirurgien-esthetiqueparis.com\/#website"},"datePublished":"2019-03-14T09:27:41+00:00","dateModified":"2019-04-23T15:37:39+00:00","breadcrumb":{"@id":"https:\/\/www.chirurgien-esthetiqueparis.com\/en\/silhouette-photos#breadcrumb"},"inLanguage":"en-US","potentialAction":[{"@type":"ReadAction","target":["https:\/\/www.chirurgien-esthetiqueparis.com\/en\/silhouette-photos"]}]},{"@type":"BreadcrumbList","@id":"https:\/\/www.chirurgien-esthetiqueparis.com\/en\/silhouette-photos#breadcrumb","itemListElement":[{"@type":"ListItem","position":1,"name":"Accueil","item":"https:\/\/www.chirurgien-esthetiqueparis.com\/en"},{"@type":"ListItem","position":2,"name":"Silhouette Photos"}]},{"@type":"WebSite","@id":"https:\/\/www.chirurgien-esthetiqueparis.com\/#website","url":"https:\/\/www.chirurgien-esthetiqueparis.com\/","name":"Louafi","description":"Chirurgie Esth\u00e9tique \u00e0 Paris","publisher":{"@id":"https:\/\/www.chirurgien-esthetiqueparis.com\/#organization"},"potentialAction":[{"@type":"SearchAction","target":{"@type":"EntryPoint","urlTemplate":"https:\/\/www.chirurgien-esthetiqueparis.com\/?s={search_term_string}"},"query-input":{"@type":"PropertyValueSpecification","valueRequired":true,"valueName":"search_term_string"}}],"inLanguage":"en-US"},{"@type":"Organization","@id":"https:\/\/www.chirurgien-esthetiqueparis.com\/#organization","name":"Chirurgien esth\u00e9tique | Dr Louafi","url":"https:\/\/www.chirurgien-esthetiqueparis.com\/","logo":{"@type":"ImageObject","inLanguage":"en-US","@id":"https:\/\/www.chirurgien-esthetiqueparis.com\/#\/schema\/logo\/image\/","url":"https:\/\/www.chirurgien-esthetiqueparis.com\/wp-content\/uploads\/louafi_home-mobile.jpg","contentUrl":"https:\/\/www.chirurgien-esthetiqueparis.com\/wp-content\/uploads\/louafi_home-mobile.jpg","width":640,"height":800,"caption":"Chirurgien esth\u00e9tique | Dr Louafi"},"image":{"@id":"https:\/\/www.chirurgien-esthetiqueparis.com\/#\/schema\/logo\/image\/"}}]}},"acf":[],"_links":{"self":[{"href":"https:\/\/www.chirurgien-esthetiqueparis.com\/en\/wp-json\/wp\/v2\/pages\/9407","targetHints":{"allow":["GET"]}}],"collection":[{"href":"https:\/\/www.chirurgien-esthetiqueparis.com\/en\/wp-json\/wp\/v2\/pages"}],"about":[{"href":"https:\/\/www.chirurgien-esthetiqueparis.com\/en\/wp-json\/wp\/v2\/types\/page"}],"author":[{"embeddable":true,"href":"https:\/\/www.chirurgien-esthetiqueparis.com\/en\/wp-json\/wp\/v2\/users\/2"}],"replies":[{"embeddable":true,"href":"https:\/\/www.chirurgien-esthetiqueparis.com\/en\/wp-json\/wp\/v2\/comments?post=9407"}],"version-history":[{"count":0,"href":"https:\/\/www.chirurgien-esthetiqueparis.com\/en\/wp-json\/wp\/v2\/pages\/9407\/revisions"}],"wp:attachment":[{"href":"https:\/\/www.chirurgien-esthetiqueparis.com\/en\/wp-json\/wp\/v2\/media?parent=9407"}],"curies":[{"name":"wp","href":"https:\/\/api.w.org\/{rel}","templated":true}]}}